{"id":15300,"date":"2015-07-21T14:19:30","date_gmt":"2015-07-21T14:19:30","guid":{"rendered":"http:\/\/uniconxml.mintithemes.com\/?page_id=15264"},"modified":"2026-01-22T00:24:23","modified_gmt":"2026-01-22T00:24:23","slug":"home-agency","status":"publish","type":"page","link":"https:\/\/printstgo.cl\/","title":{"rendered":"HOME"},"content":{"rendered":"<p>[vc_row][vc_column width=\u00bb1\/1&#8243;][rev_slider_vc alias=\u00bbvideoslide\u00bb][\/vc_column][\/vc_row][vc_row type=\u00bbfull_width_section\u00bb text_color=\u00bblight\u00bb][vc_column bg_color=\u00bb#cc000a\u00bb column_padding=\u00bbpadding-5&#8243; column_center=\u00bbtrue\u00bb width=\u00bb1\/4&#8243;]<div class=\"iconbox  wpb_content_element iconbox-style-2 icon-color-greyscale color-dark clearfix\"><div class=\"iconbox-icon\"><img src='https:\/\/printstgo.cl\/wp-content\/uploads\/2025\/11\/icon-3d.png' class='iconimg' alt='LA EXPO' \/><\/div><div class=\"iconbox-content\"><h3>LA EXPO<\/h3><p>Un encuentro que inspira colaboraci\u00f3n y muestra tendencias que redefinen la impresi\u00f3n desde la t\u00e9cnica hasta la sustentabilidad con visi\u00f3n futura.<\/p><\/div><\/div>[\/vc_column][vc_column bg_color=\u00bb#cc1821&#8243; column_padding=\u00bbpadding-5&#8243; width=\u00bb1\/4&#8243;]<div class=\"iconbox  wpb_content_element iconbox-style-2 icon-color-greyscale color-dark clearfix\"><div class=\"iconbox-icon\"><img src='https:\/\/printstgo.cl\/wp-content\/uploads\/2025\/11\/icon-sustratos.png' class='iconimg' alt='LO ULTIMO EN IMPRESION' \/><\/div><div class=\"iconbox-content\"><h3>LO ULTIMO EN IMPRESION<\/h3><p>Descubre maquinaria de vanguardia, impresi\u00f3n offset, digital y flexo, junto a nuevos sustratos, insumos y servicios para la industria gr\u00e1fica y del packaging.<\/p><\/div><\/div>[\/vc_column][vc_column bg_color=\u00bb#cc262f\u00bb column_padding=\u00bbpadding-5&#8243; width=\u00bb1\/4&#8243;]<div class=\"iconbox  wpb_content_element iconbox-style-2 icon-color-greyscale color-dark clearfix\"><div class=\"iconbox-icon\"><img src='https:\/\/printstgo.cl\/wp-content\/uploads\/2025\/11\/icon-softwares.png' class='iconimg' alt='PUNTO DE ENCUENTRO' \/><\/div><div class=\"iconbox-content\"><h3>PUNTO DE ENCUENTRO<\/h3><p>Un espacio de 4.000 m\u00b2 donde convergen las \u00faltimas soluciones y servicios de impresi\u00f3n para todo el mercado, siempre innovando juntos.<\/p><\/div><\/div>[\/vc_column][vc_column bg_color=\u00bb#cc3038&#8243; column_padding=\u00bbpadding-5&#8243; width=\u00bb1\/4&#8243;]<div class=\"iconbox  wpb_content_element iconbox-style-2 icon-color-greyscale color-dark clearfix\"><div class=\"iconbox-icon\"><img src='https:\/\/printstgo.cl\/wp-content\/uploads\/2025\/11\/icon-terminaciones.png' class='iconimg' alt='\u00bfPOR QU\u00c9 ESTAR?' \/><\/div><div class=\"iconbox-content\"><h3>\u00bfPOR QU\u00c9 ESTAR?<\/h3><p>\n<article class=\"text-token-text-primary w-full focus:outline-none [--shadow-height:45px] has-data-writing-block:pointer-events-none has-data-writing-block:-mt-(--shadow-height) has-data-writing-block:pt-(--shadow-height) [&amp;:has([data-writing-block])&gt;*]:pointer-events-auto [content-visibility:auto] supports-[content-visibility:auto]:[contain-intrinsic-size:auto_100lvh] scroll-mt-[calc(var(--header-height)+min(200px,max(70px,20svh)))]\" dir=\"auto\" tabindex=\"-1\" data-turn-id=\"request-WEB:39a9ce86-a74f-4bfc-ab5d-bd9b94edd9c3-6\" data-testid=\"conversation-turn-14\" data-scroll-anchor=\"true\" data-turn=\"assistant\">\n<div class=\"text-base my-auto mx-auto pb-10 [--thread-content-margin:--spacing(4)] thread-sm:[--thread-content-margin:--spacing(6)] thread-lg:[--thread-content-margin:--spacing(16)] px-(--thread-content-margin)\">\n<div class=\"[--thread-content-max-width:40rem] thread-lg:[--thread-content-max-width:48rem] mx-auto max-w-(--thread-content-max-width) flex-1 group\/turn-messages focus-visible:outline-hidden relative flex w-full min-w-0 flex-col agent-turn\" tabindex=\"-1\">\n<div class=\"flex max-w-full flex-col grow\">\n<div class=\"min-h-8 text-message relative flex w-full flex-col items-end gap-2 text-start break-words whitespace-normal [.text-message+&amp;]:mt-1\" dir=\"auto\" data-message-author-role=\"assistant\" data-message-id=\"a12b646c-8984-4fd7-82c6-2505b293bbf1\" data-message-model-slug=\"gpt-5-1\">\n<div class=\"flex w-full flex-col gap-1 empty:hidden first:pt-[1px]\">\n<div class=\"markdown prose dark:prose-invert w-full break-words light markdown-new-styling\">\n<p data-start=\"91\" data-end=\"276\" data-is-last-node=\"\" data-is-only-node=\"\">Un espacio para mostrar tu tecnolog\u00eda, conectar con clientes y potenciar tu oferta. Impresores y proveedores se unen para crear oportunidades en la feria l\u00edder del sector.<\/p>\n<\/div>\n<\/div>\n<\/div>\n<\/div>\n<div class=\"z-0 flex min-h-[46px] justify-start\"><\/div>\n<div class=\"mt-3 w-full empty:hidden\">\n<div class=\"text-center\"><\/div>\n<\/div>\n<\/div>\n<\/div>\n<\/article>\n<div class=\"pointer-events-none h-px w-px\" aria-hidden=\"true\" data-edge=\"true\"><\/div><\/div><\/div>[\/vc_column][\/vc_row][vc_row top_padding=\u00bb100&#8243; bottom_padding=\u00bb80&#8243;][vc_column width=\u00bb1\/2&#8243;]<h1 class=\"headline font-special fontsize-xxxxxl fontweight-900 lh-inherit align-right transform-inherit no-transform\" style=\"margin: 0 0 00px 0; color: #222222;\">26 \u00b7 27 \u00b7 28<\/h1>[\/vc_column][vc_column width=\u00bb1\/2&#8243;]<div class=\"spacer\" style=\"height: 10px;\"><\/div><h1 class=\"headline font-special fontsize-xxxl fontweight-700 lh-20 align-left transform-inherit no-transform\" style=\"margin: 0 0 00px 0; color: #be271e;\">Agosto 2026<\/h1>[\/vc_column][vc_column]<div class=\"headline font-inherit fontsize-m fontweight-400 lh-19 align-center transform-inherit no-transform\" style=\"margin: 0 15%;\">Print Santiago impulsa el desarrollo de la industria gr\u00e1fica en Latinoam\u00e9rica, y su versi\u00f3n 2026 ser\u00e1 un punto de encuentro donde la automatizaci\u00f3n, las nuevas tecnolog\u00edas y la innovaci\u00f3n sustentable revelar\u00e1n lo \u00faltimo en impresi\u00f3n y packaging.<\/div><div class=\"spacer\" style=\"height: 30px;\"><\/div>[\/vc_column][\/vc_row][vc_row type=\u00bbfull_width_section\u00bb][vc_column width=\u00bb1\/1&#8243;][\/vc_column][\/vc_row][vc_row type=\u00bbfull_width_section\u00bb bg_image=\u00bb15437&#8243;][vc_column bg_color=\u00bb#f9f9f9&#8243; column_padding=\u00bbpadding-7&#8243; width=\u00bb1\/2&#8243;]<div class=\"headline font-special fontsize-xs fontweight-700 lh-inherit align-left transform-uppercase ls-1\" style=\"margin: 0 0 -10px 0; color: #999999;\">Espacio presencial<\/div><h2 class=\"headline font-special fontsize-xxxl fontweight-700 lh-12 align-left transform-uppercase \" style=\"margin: 20px 0 0 0;\">DONDE TODO CONECTA<\/h2><div class=\"divider divider5\" style='margin:10px 0 25px 0 !important;'><\/div>[vc_column_text]El escenario donde convergen tecnolog\u00edas, proveedores y profesionales en Espacio Riesco \u2014un centro ferial de gran escala\u2014 donde Print Santiago presentar\u00e1 lo \u00faltimo en servicios de impresi\u00f3n para m\u00faltiples industrias.[\/vc_column_text][\/vc_column][vc_column bg_image=\u00bb15433&#8243; column_padding=\u00bbpadding-5&#8243; column_center=\u00bbtrue\u00bb width=\u00bb1\/2&#8243;]<div class=\"spacer\" style=\"height: 250px;\"><\/div>[\/vc_column][\/vc_row][vc_row type=\u00bbfull_width_section\u00bb][vc_column bg_image=\u00bb15434&#8243; column_padding=\u00bbpadding-5&#8243; column_center=\u00bbtrue\u00bb width=\u00bb1\/2&#8243;]<div class=\"spacer\" style=\"height: 250px;\"><\/div>[\/vc_column][vc_column bg_color=\u00bb#222222&#8243; column_padding=\u00bbpadding-7&#8243; text_color=\u00bblight\u00bb width=\u00bb1\/2&#8243;]<div class=\"headline font-special fontsize-xs fontweight-700 lh-inherit align-left transform-uppercase ls-1\" style=\"margin: 0 0 -10px 0; color: #999999;\">Transforma tus charlas en experiencia<\/div><h2 class=\"headline font-special fontsize-xxxl fontweight-700 lh-inherit align-left transform-uppercase \" style=\"margin: 0 0 0 0;\">PRINT TALK<\/h2><div class=\"divider divider5\" style='margin:10px 0 25px 0 !important;'><\/div>[vc_column_text]Print Santiago 14 a\u00f1os en todas sus dimensiones: dise\u00f1o, ilustraci\u00f3n,<br \/>\nimpresi\u00f3n editorial, publicitaria, promocional, etiquetas,<br \/>\npackaging, comunicaci\u00f3n visual, POP, v\u00eda p\u00fablica,<br \/>\nimpresi\u00f3n textil, fotograf\u00eda, impresi\u00f3n funcional&#8230;[\/vc_column_text][\/vc_column][\/vc_row][vc_row type=\u00bbfull_width_section\u00bb][vc_column bg_color=\u00bb#f9f9f9&#8243; column_padding=\u00bbpadding-7&#8243; width=\u00bb1\/2&#8243;]<div class=\"headline font-special fontsize-xs fontweight-700 lh-inherit align-left transform-uppercase ls-1\" style=\"margin: 0 0 -10px 0; color: #999999;\">PRINT STGO 2026<\/div><h2 class=\"headline font-special fontsize-xxxl fontweight-700 lh-12 align-left transform-uppercase \" style=\"margin: 20px 0 0 0;\">INCIDIR EN LA INDUSTRIA<\/h2><div class=\"divider divider5\" style='margin:10px 0 25px 0 !important;'><\/div>[vc_column_text]<\/p>\n<ul>\n<li>Crecimiento Enfocado y Eficiencia de Contacto.<\/li>\n<li>Desaf\u00edo: mercado saturado, el desaf\u00edo no es tener m\u00e1s leads, sino mejores leads. Su tiempo y recursos son valiosos.<\/li>\n<li>Oportunidad: Print Stgo no solo atrae volumen, sino que filtra a los profesionales de mayor valor para su negocio.<\/li>\n<\/ul>\n<p>[\/vc_column_text][\/vc_column][vc_column bg_image=\u00bb15437&#8243; column_padding=\u00bbpadding-5&#8243; column_center=\u00bbtrue\u00bb width=\u00bb1\/2&#8243;]<div class=\"spacer\" style=\"height: 250px;\"><\/div>[\/vc_column][\/vc_row][vc_row type=\u00bbfull_width_section\u00bb bg_color=\u00bb#ffffff\u00bb top_padding=\u00bb100&#8243; bottom_padding=\u00bb80&#8243;][vc_column width=\u00bb1\/1&#8243;]<div class=\"single_image wpb_content_element align-center  animate   \" data-animation=\"fade-in\" data-delay=\"0\"><img loading=\"lazy\" decoding=\"async\" width=\"1920\" height=\"736\" src=\"https:\/\/printstgo.cl\/wp-content\/uploads\/2026\/01\/CHARLAS-1.jpg\" class=\"attachment-full\" alt=\"\" title=\"CHARLAS\" srcset=\"https:\/\/printstgo.cl\/wp-content\/uploads\/2026\/01\/CHARLAS-1.jpg 1920w, https:\/\/printstgo.cl\/wp-content\/uploads\/2026\/01\/CHARLAS-1-300x115.jpg 300w, https:\/\/printstgo.cl\/wp-content\/uploads\/2026\/01\/CHARLAS-1-1024x393.jpg 1024w, https:\/\/printstgo.cl\/wp-content\/uploads\/2026\/01\/CHARLAS-1-768x294.jpg 768w, https:\/\/printstgo.cl\/wp-content\/uploads\/2026\/01\/CHARLAS-1-1536x589.jpg 1536w\" sizes=\"auto, (max-width: 1920px) 100vw, 1920px\" \/><\/div>[\/vc_column][\/vc_row][vc_row type=\u00bbfull_width_section\u00bb][vc_column width=\u00bb1\/1&#8243;]<div class=\"divider divider1\" style='margin:0 !important;'><\/div>[\/vc_column][\/vc_row][vc_row bg_image=\u00bb15438&#8243; parallax_bg=\u00bbtrue\u00bb bg_color=\u00bb#000000&#8243; top_padding=\u00bb100&#8243; bottom_padding=\u00bb80&#8243;][vc_column width=\u00bb1\/1&#8243;]<h1 class=\"headline font-inherit fontsize-xxxxl fontweight-700 lh-inherit align-center transform-inherit \" style=\"margin: 0 0 0px 0; color: #ffffff;\">S\u00e9 Parte del Encuentro<\/h1><h1 class=\"headline font-inherit fontsize-m fontweight-400 lh-inherit align-center transform-inherit \" style=\"margin: 0 0 80px 0; color: #ffffff;\">Vive Print Santiago y conecta con tecnolog\u00edas, proveedores y profesionales que impulsan la innovaci\u00f3n.<\/h1><div class=\"single_image wpb_content_element align-center    \" data-animation=\"none\" data-delay=\"0\"><a href=\"https:\/\/youtu.be\/MPEbPVVEHHc?si=8yw0Ek-2VABNPw27\" class=\"prettyPhoto\" rel=\"prettyPhoto[image]\"><img loading=\"lazy\" decoding=\"async\" width=\"127\" height=\"127\" src=\"https:\/\/printstgo.cl\/wp-content\/uploads\/2025\/11\/play.png\" class=\"attachment-full\" alt=\"\" title=\"play\" srcset=\"https:\/\/printstgo.cl\/wp-content\/uploads\/2025\/11\/play.png 127w, https:\/\/printstgo.cl\/wp-content\/uploads\/2025\/11\/play-80x80.png 80w\" sizes=\"auto, (max-width: 127px) 100vw, 127px\" \/><\/a><\/div>[\/vc_column][\/vc_row][vc_row top_padding=\u00bb120&#8243; bottom_padding=\u00bb100&#8243; bg_position=\u00bbleft top\u00bb][vc_column width=\u00bb1\/3&#8243;]<div class=\"headline font-special fontsize-xs fontweight-700 lh-inherit align-left transform-uppercase ls-1\" style=\"margin: 0 0 -10px 0; color: #999999;\">RESERVA AHORA<\/div><h2 class=\"headline font-special fontsize-xxxl fontweight-700 lh-12 align-left transform-uppercase \" style=\"margin: 20px 0 0 0;\">ASISTENTES<\/h2><div class=\"divider divider5\" style='margin:10px 0 25px 0 !important;'><\/div>[vc_column_text]<\/p>\n<p data-start=\"142\" data-end=\"387\">M\u00e1s de <strong data-start=\"166\" data-end=\"211\">14 a\u00f1os conectando a la industria gr\u00e1fica<\/strong>.<br data-start=\"212\" data-end=\"215\" \/>Ya han participado <strong data-start=\"234\" data-end=\"268\">30.000 asistentes presenciales<\/strong> y m\u00e1s de <strong data-start=\"278\" data-end=\"308\">120.000 usuarios digitales<\/strong>.<br data-start=\"309\" data-end=\"312\" \/><strong data-start=\"312\" data-end=\"387\">S\u00famate a Print Santiago 2026 y s\u00e9 parte del encuentro clave del sector.<\/strong><\/p>\n<p data-start=\"476\" data-end=\"608\"><strong data-start=\"554\" data-end=\"608\">.<\/strong><\/p>\n<p>[\/vc_column_text][vc_empty_space]<div class=\"headline font-special fontsize-xs fontweight-700 lh-inherit align-left transform-uppercase \" style=\"margin: 0 0 0 20px; color: #999999;\">ORGANIZA<\/div>[vc_empty_space height=\u00bb10px\u00bb][vc_single_image image=\u00bb15592&#8243; img_size=\u00bbmedium\u00bb][vc_single_image image=\u00bb15593&#8243; img_size=\u00bbmedium\u00bb][\/vc_column][vc_column el_class=\u00bbform-asistentes\u00bb width=\u00bb2\/3&#8243;]\n<div class=\"wpcf7 no-js\" id=\"wpcf7-f7-o1\" lang=\"es-ES\" dir=\"ltr\" data-wpcf7-id=\"7\">\n<div class=\"screen-reader-response\"><p role=\"status\" aria-live=\"polite\" aria-atomic=\"true\"><\/p> <ul><\/ul><\/div>\n<form action=\"\/index.php?rest_route=%2Fwp%2Fv2%2Fpages%2F15300#wpcf7-f7-o1\" method=\"post\" class=\"wpcf7-form init\" aria-label=\"Formulario de contacto\" novalidate=\"novalidate\" data-status=\"init\">\n<fieldset class=\"hidden-fields-container\"><input type=\"hidden\" name=\"_wpcf7\" value=\"7\" \/><input type=\"hidden\" name=\"_wpcf7_version\" value=\"6.1.5\" \/><input type=\"hidden\" name=\"_wpcf7_locale\" value=\"es_ES\" \/><input type=\"hidden\" name=\"_wpcf7_unit_tag\" value=\"wpcf7-f7-o1\" \/><input type=\"hidden\" name=\"_wpcf7_container_post\" value=\"0\" \/><input type=\"hidden\" name=\"_wpcf7_posted_data_hash\" value=\"\" \/>\n<\/fieldset>\n<p><label> NOMBRE<br \/>\n<span class=\"wpcf7-form-control-wrap\" data-name=\"your-name\"><input size=\"40\" maxlength=\"400\" class=\"wpcf7-form-control wpcf7-text wpcf7-validates-as-required\" autocomplete=\"name\" aria-required=\"true\" aria-invalid=\"false\" value=\"\" type=\"text\" name=\"your-name\" \/><\/span> <\/label>\n<\/p>\n<p><label> EMPRESA Y CARGO<br \/>\n<span class=\"wpcf7-form-control-wrap\" data-name=\"your-company\"><input size=\"40\" maxlength=\"400\" class=\"wpcf7-form-control wpcf7-text wpcf7-validates-as-required\" autocomplete=\"name\" aria-required=\"true\" aria-invalid=\"false\" value=\"\" type=\"text\" name=\"your-company\" \/><\/span> <\/label>\n<\/p>\n<p><label> CORREO<br \/>\n<span class=\"wpcf7-form-control-wrap\" data-name=\"your-email\"><input size=\"40\" maxlength=\"400\" class=\"wpcf7-form-control wpcf7-email wpcf7-validates-as-required wpcf7-text wpcf7-validates-as-email\" autocomplete=\"email\" aria-required=\"true\" aria-invalid=\"false\" value=\"\" type=\"email\" name=\"your-email\" \/><\/span> <\/label>\n<\/p>\n<p><label> TELEFONO<br \/>\n<span class=\"wpcf7-form-control-wrap\" data-name=\"TELEFONO\"><input size=\"40\" maxlength=\"400\" class=\"wpcf7-form-control wpcf7-tel wpcf7-validates-as-required wpcf7-text wpcf7-validates-as-tel\" id=\"TELEFONO\" aria-required=\"true\" aria-invalid=\"false\" value=\"+569 XXXXXXXX\" type=\"tel\" name=\"TELEFONO\" \/><\/span> <\/label>\n<\/p>\n<p><label> RUBRO O ACTIVIDAD<br \/>\n<span class=\"wpcf7-form-control-wrap\" data-name=\"your-message\"><textarea cols=\"40\" rows=\"10\" maxlength=\"2000\" class=\"wpcf7-form-control wpcf7-textarea\" aria-invalid=\"false\" name=\"your-message\"><\/textarea><\/span> <\/label>\n<\/p>\n<p><input class=\"wpcf7-form-control wpcf7-submit has-spinner\" type=\"submit\" value=\"ENVIAR\" \/>\n<\/p><div class=\"wpcf7-response-output\" aria-hidden=\"true\"><\/div>\n<\/form>\n<\/div>\n[\/vc_column][\/vc_row]<\/p>\n","protected":false},"excerpt":{"rendered":"<p>[vc_row][vc_column width=\u00bb1\/1&#8243;][rev_slider_vc alias=\u00bbvideoslide\u00bb][\/vc_column][\/vc_row][vc_row type=\u00bbfull_width_section\u00bb text_color=\u00bblight\u00bb][vc_column bg_color=\u00bb#cc000a\u00bb column_padding=\u00bbpadding-5&#8243; column_center=\u00bbtrue\u00bb width=\u00bb1\/4&#8243;][\/vc_column][vc_column bg_color=\u00bb#cc1821&#8243; column_padding=\u00bbpadding-5&#8243; width=\u00bb1\/4&#8243;][\/vc_column][vc_column bg_color=\u00bb#cc262f\u00bb column_padding=\u00bbpadding-5&#8243; width=\u00bb1\/4&#8243;][\/vc_column][vc_column bg_color=\u00bb#cc3038&#8243; column_padding=\u00bbpadding-5&#8243; width=\u00bb1\/4&#8243;][\/vc_column][\/vc_row][vc_row top_padding=\u00bb100&#8243; bottom_padding=\u00bb80&#8243;][vc_column width=\u00bb1\/2&#8243;][\/vc_column][vc_column width=\u00bb1\/2&#8243;][\/vc_column][vc_column][\/vc_column][\/vc_row][vc_row type=\u00bbfull_width_section\u00bb][vc_column width=\u00bb1\/1&#8243;][\/vc_column][\/vc_row][vc_row type=\u00bbfull_width_section\u00bb bg_image=\u00bb15437&#8243;][vc_column bg_color=\u00bb#f9f9f9&#8243; column_padding=\u00bbpadding-7&#8243; width=\u00bb1\/2&#8243;][vc_column_text]El escenario donde convergen tecnolog\u00edas, proveedores y profesionales en Espacio Riesco \u2014un centro ferial de gran escala\u2014 donde Print Santiago presentar\u00e1 lo \u00faltimo en servicios de impresi\u00f3n para m\u00faltiples industrias.[\/vc_column_text][\/vc_column][vc_column bg_image=\u00bb15433&#8243; column_padding=\u00bbpadding-5&#8243; column_center=\u00bbtrue\u00bb width=\u00bb1\/2&#8243;][\/vc_column][\/vc_row][vc_row type=\u00bbfull_width_section\u00bb][vc_column bg_image=\u00bb15434&#8243; column_padding=\u00bbpadding-5&#8243; column_center=\u00bbtrue\u00bb width=\u00bb1\/2&#8243;][\/vc_column][vc_column bg_color=\u00bb#222222&#8243; column_padding=\u00bbpadding-7&#8243; text_color=\u00bblight\u00bb width=\u00bb1\/2&#8243;][vc_column_text]Print Santiago 14 a\u00f1os en todas sus dimensiones: dise\u00f1o, ilustraci\u00f3n, impresi\u00f3n editorial, publicitaria, promocional, etiquetas, packaging, comunicaci\u00f3n visual, POP, v\u00eda p\u00fablica, impresi\u00f3n textil, fotograf\u00eda, impresi\u00f3n funcional&#8230;[\/vc_column_text][\/vc_column][\/vc_row][vc_row type=\u00bbfull_width_section\u00bb][vc_column bg_color=\u00bb#f9f9f9&#8243; column_padding=\u00bbpadding-7&#8243; width=\u00bb1\/2&#8243;][vc_column_text] Crecimiento Enfocado y Eficiencia de Contacto. Desaf\u00edo: mercado saturado, el desaf\u00edo no es tener m\u00e1s leads, sino mejores leads. Su tiempo y recursos son valiosos. Oportunidad: Print Stgo no solo atrae volumen, sino que filtra a los profesionales de mayor valor para su negocio. [\/vc_column_text][\/vc_column][vc_column bg_image=\u00bb15437&#8243; column_padding=\u00bbpadding-5&#8243; column_center=\u00bbtrue\u00bb width=\u00bb1\/2&#8243;][\/vc_column][\/vc_row][vc_row type=\u00bbfull_width_section\u00bb bg_color=\u00bb#ffffff\u00bb top_padding=\u00bb100&#8243; bottom_padding=\u00bb80&#8243;][vc_column width=\u00bb1\/1&#8243;][\/vc_column][\/vc_row][vc_row type=\u00bbfull_width_section\u00bb][vc_column width=\u00bb1\/1&#8243;][\/vc_column][\/vc_row][vc_row bg_image=\u00bb15438&#8243; parallax_bg=\u00bbtrue\u00bb bg_color=\u00bb#000000&#8243; top_padding=\u00bb100&#8243; bottom_padding=\u00bb80&#8243;][vc_column width=\u00bb1\/1&#8243;][\/vc_column][\/vc_row][vc_row top_padding=\u00bb120&#8243; bottom_padding=\u00bb100&#8243; bg_position=\u00bbleft top\u00bb][vc_column width=\u00bb1\/3&#8243;][vc_column_text] M\u00e1s de 14 a\u00f1os conectando a la industria gr\u00e1fica.Ya han participado 30.000 asistentes presenciales y m\u00e1s de 120.000 usuarios digitales.S\u00famate a Print Santiago 2026 y s\u00e9 parte del encuentro clave del sector. . [&hellip;]<\/p>\n","protected":false},"author":1,"featured_media":0,"parent":0,"menu_order":0,"comment_status":"open","ping_status":"open","template":"","meta":{"footnotes":""},"class_list":["post-15300","page","type-page","status-publish","hentry"],"_links":{"self":[{"href":"https:\/\/printstgo.cl\/index.php?rest_route=\/wp\/v2\/pages\/15300","targetHints":{"allow":["GET"]}}],"collection":[{"href":"https:\/\/printstgo.cl\/index.php?rest_route=\/wp\/v2\/pages"}],"about":[{"href":"https:\/\/printstgo.cl\/index.php?rest_route=\/wp\/v2\/types\/page"}],"author":[{"embeddable":true,"href":"https:\/\/printstgo.cl\/index.php?rest_route=\/wp\/v2\/users\/1"}],"replies":[{"embeddable":true,"href":"https:\/\/printstgo.cl\/index.php?rest_route=%2Fwp%2Fv2%2Fcomments&post=15300"}],"version-history":[{"count":24,"href":"https:\/\/printstgo.cl\/index.php?rest_route=\/wp\/v2\/pages\/15300\/revisions"}],"predecessor-version":[{"id":15631,"href":"https:\/\/printstgo.cl\/index.php?rest_route=\/wp\/v2\/pages\/15300\/revisions\/15631"}],"wp:attachment":[{"href":"https:\/\/printstgo.cl\/index.php?rest_route=%2Fwp%2Fv2%2Fmedia&parent=15300"}],"curies":[{"name":"wp","href":"https:\/\/api.w.org\/{rel}","templated":true}]}}