{"id":4929,"date":"2014-03-18T15:52:46","date_gmt":"2014-03-18T15:52:46","guid":{"rendered":"http:\/\/localhost:8888\/themes\/ventory\/?page_id=4929"},"modified":"2026-01-22T01:04:13","modified_gmt":"2026-01-22T01:04:13","slug":"contact","status":"publish","type":"page","link":"https:\/\/printstgo.cl\/?page_id=4929","title":{"rendered":"CONTACTO"},"content":{"rendered":"<p>[vc_row type=\u00bbfull_width_section\u00bb bg_position=\u00bbleft top\u00bb][vc_column width=\u00bb1\/1&#8243;][vc_gmaps link=\u00bb#E-8_JTNDaWZyYW1lJTIwc3JjJTNEJTIyaHR0cHMlM0ElMkYlMkZ3d3cuZ29vZ2xlLmNvbSUyRm1hcHMlMkZlbWJlZCUzRnBiJTNEJTIxMW0xOCUyMTFtMTIlMjExbTMlMjExZDMzMzEuNDUzMDYzNzIyMjQ5NyUyMTJkLTcwLjYyNzExNjQxNjc0NDY2JTIxM2QtMzMuMzg1MzQyMzA0ODY4ODglMjEybTMlMjExZjAlMjEyZjAlMjEzZjAlMjEzbTIlMjExaTEwMjQlMjEyaTc2OCUyMTRmMTMuMSUyMTNtMyUyMTFtMiUyMTFzMHg5NjYyYzYwMmJmZTk0ZjFmJTI1M0EweDZmOTM5MWI5YzY1MmY1YmElMjEyc0VzcGFjaW8lMjUyMFJpZXNjbyUyMTVlMCUyMTNtMiUyMTFzZW4lMjEyc2NsJTIxNHYxNzYzNzI4Nzg3NzY5JTIxNW0yJTIxMXNlbiUyMTJzY2wlMjIlMjB3aWR0aCUzRCUyMjYwMCUyMiUyMGhlaWdodCUzRCUyMjQ1MCUyMiUyMHN0eWxlJTNEJTIyYm9yZGVyJTNBMCUzQiUyMiUyMGFsbG93ZnVsbHNjcmVlbiUzRCUyMiUyMiUyMGxvYWRpbmclM0QlMjJsYXp5JTIyJTIwcmVmZXJyZXJwb2xpY3klM0QlMjJuby1yZWZlcnJlci13aGVuLWRvd25ncmFkZSUyMiUzRSUzQyUyRmlmcmFtZSUzRQ==\u00bb][\/vc_column][\/vc_row][vc_row bg_color=\u00bb#ffffff\u00bb section_arrow=\u00bbfalse\u00bb top_padding=\u00bb80&#8243; bottom_padding=\u00bb60&#8243; bg_position=\u00bbleft top\u00bb][vc_column width=\u00bb1\/2&#8243;]<h1 class=\"headline font-special fontsize-xl fontweight-800 lh-inherit align-left transform-uppercase \" style=\"margin: 0 0 20px 0;\">Contacto Print Santiago 2026<\/h1>[vc_column_text]<\/p>\n<p data-start=\"671\" data-end=\"762\"><strong data-start=\"671\" data-end=\"762\">Estamos disponibles para resolver sus dudas y acompa\u00f1arlo en su proceso de inscripci\u00f3n.<\/strong><\/p>\n<p data-start=\"764\" data-end=\"782\">Complete el formulario y reciba informaci\u00f3n personalizada para participar como expositor o asistente en el principal encuentro de la industria gr\u00e1fica.<\/p>\n<p>[\/vc_column_text][vc_single_image image=\u00bb15592&#8243; img_size=\u00bbmedium\u00bb][vc_single_image image=\u00bb15593&#8243; img_size=\u00bbmedium\u00bb][\/vc_column][vc_column width=\u00bb1\/2&#8243;]\n<div class=\"wpcf7 no-js\" id=\"wpcf7-f15648-o1\" lang=\"es-ES\" dir=\"ltr\" data-wpcf7-id=\"15648\">\n<div class=\"screen-reader-response\"><p role=\"status\" aria-live=\"polite\" aria-atomic=\"true\"><\/p> <ul><\/ul><\/div>\n<form action=\"\/index.php?rest_route=%2Fwp%2Fv2%2Fpages%2F4929#wpcf7-f15648-o1\" method=\"post\" class=\"wpcf7-form init\" aria-label=\"Formulario de contacto\" novalidate=\"novalidate\" data-status=\"init\">\n<fieldset class=\"hidden-fields-container\"><input type=\"hidden\" name=\"_wpcf7\" value=\"15648\" \/><input type=\"hidden\" name=\"_wpcf7_version\" value=\"6.1.5\" \/><input type=\"hidden\" name=\"_wpcf7_locale\" value=\"es_ES\" \/><input type=\"hidden\" name=\"_wpcf7_unit_tag\" value=\"wpcf7-f15648-o1\" \/><input type=\"hidden\" name=\"_wpcf7_container_post\" value=\"0\" \/><input type=\"hidden\" name=\"_wpcf7_posted_data_hash\" value=\"\" \/>\n<\/fieldset>\n<p><label> NOMBRE<br \/>\n<span class=\"wpcf7-form-control-wrap\" data-name=\"your-name\"><input size=\"40\" maxlength=\"400\" class=\"wpcf7-form-control wpcf7-text wpcf7-validates-as-required\" autocomplete=\"name\" aria-required=\"true\" aria-invalid=\"false\" value=\"\" type=\"text\" name=\"your-name\" \/><\/span> <\/label>\n<\/p>\n<p><label> CORREO<br \/>\n<span class=\"wpcf7-form-control-wrap\" data-name=\"your-email\"><input size=\"40\" maxlength=\"400\" class=\"wpcf7-form-control wpcf7-email wpcf7-validates-as-required wpcf7-text wpcf7-validates-as-email\" autocomplete=\"email\" aria-required=\"true\" aria-invalid=\"false\" value=\"\" type=\"email\" name=\"your-email\" \/><\/span> <\/label>\n<\/p>\n<p><label> TELEFONO<br \/>\n<span class=\"wpcf7-form-control-wrap\" data-name=\"TELEFONO\"><input size=\"40\" maxlength=\"400\" class=\"wpcf7-form-control wpcf7-tel wpcf7-validates-as-required wpcf7-text wpcf7-validates-as-tel\" id=\"TELEFONO\" aria-required=\"true\" aria-invalid=\"false\" value=\"+569 XXXXXXXX\" type=\"tel\" name=\"TELEFONO\" \/><\/span> <\/label>\n<\/p>\n<p>PARTICIPACION<br \/>\n<span class=\"wpcf7-form-control-wrap\" data-name=\"radio-958\"><span class=\"wpcf7-form-control wpcf7-radio\"><span class=\"wpcf7-list-item first\"><label><span class=\"wpcf7-list-item-label\">EXPOSITOR<\/span><input type=\"radio\" name=\"radio-958\" value=\"EXPOSITOR\" checked=\"checked\" \/><\/label><\/span><span class=\"wpcf7-list-item last\"><label><span class=\"wpcf7-list-item-label\">ASISTENTE<\/span><input type=\"radio\" name=\"radio-958\" value=\"ASISTENTE\" \/><\/label><\/span><\/span><\/span>\n<\/p>\n<p><input class=\"wpcf7-form-control wpcf7-submit has-spinner\" type=\"submit\" value=\"ENVIAR\" \/>\n<\/p><div class=\"wpcf7-response-output\" aria-hidden=\"true\"><\/div>\n<\/form>\n<\/div>\n[\/vc_column][\/vc_row]<\/p>\n","protected":false},"excerpt":{"rendered":"<p>[vc_row type=\u00bbfull_width_section\u00bb bg_position=\u00bbleft top\u00bb][vc_column width=\u00bb1\/1&#8243;][vc_gmaps link=\u00bb#E-8_JTNDaWZyYW1lJTIwc3JjJTNEJTIyaHR0cHMlM0ElMkYlMkZ3d3cuZ29vZ2xlLmNvbSUyRm1hcHMlMkZlbWJlZCUzRnBiJTNEJTIxMW0xOCUyMTFtMTIlMjExbTMlMjExZDMzMzEuNDUzMDYzNzIyMjQ5NyUyMTJkLTcwLjYyNzExNjQxNjc0NDY2JTIxM2QtMzMuMzg1MzQyMzA0ODY4ODglMjEybTMlMjExZjAlMjEyZjAlMjEzZjAlMjEzbTIlMjExaTEwMjQlMjEyaTc2OCUyMTRmMTMuMSUyMTNtMyUyMTFtMiUyMTFzMHg5NjYyYzYwMmJmZTk0ZjFmJTI1M0EweDZmOTM5MWI5YzY1MmY1YmElMjEyc0VzcGFjaW8lMjUyMFJpZXNjbyUyMTVlMCUyMTNtMiUyMTFzZW4lMjEyc2NsJTIxNHYxNzYzNzI4Nzg3NzY5JTIxNW0yJTIxMXNlbiUyMTJzY2wlMjIlMjB3aWR0aCUzRCUyMjYwMCUyMiUyMGhlaWdodCUzRCUyMjQ1MCUyMiUyMHN0eWxlJTNEJTIyYm9yZGVyJTNBMCUzQiUyMiUyMGFsbG93ZnVsbHNjcmVlbiUzRCUyMiUyMiUyMGxvYWRpbmclM0QlMjJsYXp5JTIyJTIwcmVmZXJyZXJwb2xpY3klM0QlMjJuby1yZWZlcnJlci13aGVuLWRvd25ncmFkZSUyMiUzRSUzQyUyRmlmcmFtZSUzRQ==\u00bb][\/vc_column][\/vc_row][vc_row bg_color=\u00bb#ffffff\u00bb section_arrow=\u00bbfalse\u00bb top_padding=\u00bb80&#8243; bottom_padding=\u00bb60&#8243; bg_position=\u00bbleft top\u00bb][vc_column width=\u00bb1\/2&#8243;][vc_column_text] Estamos disponibles para resolver sus dudas y acompa\u00f1arlo en su proceso de inscripci\u00f3n. Complete el formulario y reciba informaci\u00f3n personalizada para participar como expositor o asistente en el principal encuentro de la industria gr\u00e1fica. [\/vc_column_text][vc_single_image image=\u00bb15592&#8243; img_size=\u00bbmedium\u00bb][vc_single_image image=\u00bb15593&#8243; img_size=\u00bbmedium\u00bb][\/vc_column][vc_column width=\u00bb1\/2&#8243;][\/vc_column][\/vc_row]<\/p>\n","protected":false},"author":1,"featured_media":0,"parent":0,"menu_order":0,"comment_status":"open","ping_status":"open","template":"","meta":{"footnotes":""},"class_list":["post-4929","page","type-page","status-publish","hentry"],"_links":{"self":[{"href":"https:\/\/printstgo.cl\/index.php?rest_route=\/wp\/v2\/pages\/4929","targetHints":{"allow":["GET"]}}],"collection":[{"href":"https:\/\/printstgo.cl\/index.php?rest_route=\/wp\/v2\/pages"}],"about":[{"href":"https:\/\/printstgo.cl\/index.php?rest_route=\/wp\/v2\/types\/page"}],"author":[{"embeddable":true,"href":"https:\/\/printstgo.cl\/index.php?rest_route=\/wp\/v2\/users\/1"}],"replies":[{"embeddable":true,"href":"https:\/\/printstgo.cl\/index.php?rest_route=%2Fwp%2Fv2%2Fcomments&post=4929"}],"version-history":[{"count":6,"href":"https:\/\/printstgo.cl\/index.php?rest_route=\/wp\/v2\/pages\/4929\/revisions"}],"predecessor-version":[{"id":15650,"href":"https:\/\/printstgo.cl\/index.php?rest_route=\/wp\/v2\/pages\/4929\/revisions\/15650"}],"wp:attachment":[{"href":"https:\/\/printstgo.cl\/index.php?rest_route=%2Fwp%2Fv2%2Fmedia&parent=4929"}],"curies":[{"name":"wp","href":"https:\/\/api.w.org\/{rel}","templated":true}]}}